{"id":56,"date":"2016-09-08T15:20:04","date_gmt":"2016-09-08T13:20:04","guid":{"rendered":"http:\/\/www.woodfever.com\/?page_id=56"},"modified":"2016-11-03T08:01:35","modified_gmt":"2016-11-03T07:01:35","slug":"interieurs","status":"publish","type":"page","link":"https:\/\/woodfever.com\/nl\/interieurs\/","title":{"rendered":"Interieurs"},"content":{"rendered":"<h2>Alles in \u00e9\u00e9n hand voor een volledig afgewerkt horeca interieur<\/h2>\n<p>Bij Woodfever vindt u alle specialisten onder \u00e9\u00e9n dak. Van ontwerpers, technisch tekenaars tot uitvoerders. Allen met passie\u00a0voor het vak, zeer ervaren en uiterst gedreven. En dat is wel zo effici\u00ebnt, want alles in \u00e9\u00e9n hand betekent het gemak van \u00e9\u00e9n aanspreekpunt en de besparing van tijd \u00e9n geld. Snelle schakeling en alle koppen bij elkaar. Samen tillen wij uw horeca interieur tot een hoger niveau, in zowel binnen- als\u00a0 buitenland.<\/p>\n<p>Wij denken outside the box. Gepassioneerd om h\u00e9t horeca interieur te realiseren dat uw verwachtingen overtreft. Voor een uitstraling die u voor ogen heeft. Een interieur dat niet alleen mooi is, maar ook bijdraagt aan een fijne werkomgeving. Scherpzinnig en buitengewoon creatief. Zo gaan wij te werk.<\/p>\n<p>Wilt u een horeca interieur met een onweerstaanbare aantrekkingskracht? Meer klanten trekken en de optimale horecabeleving bieden? Neem dan contact op of plan een afspraak in.\u00a0Zodat we samen uw horecagelegenheid n\u00f3g sterker op de kaart kunnen zetten.<\/p>\n","protected":false},"excerpt":{"rendered":"<p>Alles in \u00e9\u00e9n hand voor een volledig afgewerkt horeca interieur Bij Woodfever vindt u alle specialisten onder \u00e9\u00e9n dak. Van ontwerpers, technisch tekenaars tot uitvoerders. Allen met passie\u00a0voor het vak, zeer ervaren en uiterst gedreven. En dat is wel zo effici\u00ebnt, want alles in \u00e9\u00e9n hand betekent het gemak van \u00e9\u00e9n aanspreekpunt en de besparing<a href=\"https:\/\/woodfever.com\/nl\/interieurs\/\">Read more..<\/a><\/p>\n","protected":false},"author":1,"featured_media":0,"parent":0,"menu_order":0,"comment_status":"closed","ping_status":"closed","template":"","meta":{"footnotes":""},"class_list":["post-56","page","type-page","status-publish","hentry"],"yoast_head":"<!-- This site is optimized with the Yoast SEO plugin v27.1.1 - https:\/\/yoast.com\/product\/yoast-seo-wordpress\/ -->\n<title>Interieurs - Woodfever<\/title>\n<meta name=\"robots\" content=\"index, follow, max-snippet:-1, max-image-preview:large, max-video-preview:-1\" \/>\n<link rel=\"canonical\" href=\"https:\/\/woodfever.com\/interiors\/\" \/>\n<meta property=\"og:locale\" content=\"nl_NL\" \/>\n<meta property=\"og:type\" content=\"article\" \/>\n<meta property=\"og:title\" content=\"Interieurs - Woodfever\" \/>\n<meta property=\"og:description\" content=\"Alles in \u00e9\u00e9n hand voor een volledig afgewerkt horeca interieur Bij Woodfever vindt u alle specialisten onder \u00e9\u00e9n dak. Van ontwerpers, technisch tekenaars tot uitvoerders. Allen met passie\u00a0voor het vak, zeer ervaren en uiterst gedreven. En dat is wel zo effici\u00ebnt, want alles in \u00e9\u00e9n hand betekent het gemak van \u00e9\u00e9n aanspreekpunt en de besparingRead more..\" \/>\n<meta property=\"og:url\" content=\"https:\/\/woodfever.com\/interiors\/\" \/>\n<meta property=\"og:site_name\" content=\"Woodfever\" \/>\n<meta property=\"article:modified_time\" content=\"2016-11-03T07:01:35+00:00\" \/>\n<meta name=\"twitter:card\" content=\"summary_large_image\" \/>\n<meta name=\"twitter:label1\" content=\"Geschatte leestijd\" \/>\n\t<meta name=\"twitter:data1\" content=\"1 minuut\" \/>\n<script type=\"application\/ld+json\" class=\"yoast-schema-graph\">{\"@context\":\"https:\/\/schema.org\",\"@graph\":[{\"@type\":\"WebPage\",\"@id\":\"https:\/\/woodfever.com\/interiors\/\",\"url\":\"https:\/\/woodfever.com\/interiors\/\",\"name\":\"Interieurs - Woodfever\",\"isPartOf\":{\"@id\":\"https:\/\/woodfever.com\/#website\"},\"datePublished\":\"2016-09-08T13:20:04+00:00\",\"dateModified\":\"2016-11-03T07:01:35+00:00\",\"breadcrumb\":{\"@id\":\"https:\/\/woodfever.com\/interiors\/#breadcrumb\"},\"inLanguage\":\"nl-NL\",\"potentialAction\":[{\"@type\":\"ReadAction\",\"target\":[\"https:\/\/woodfever.com\/interiors\/\"]}]},{\"@type\":\"BreadcrumbList\",\"@id\":\"https:\/\/woodfever.com\/interiors\/#breadcrumb\",\"itemListElement\":[{\"@type\":\"ListItem\",\"position\":1,\"name\":\"Home\",\"item\":\"https:\/\/woodfever.com\/\"},{\"@type\":\"ListItem\",\"position\":2,\"name\":\"Interieurs\"}]},{\"@type\":\"WebSite\",\"@id\":\"https:\/\/woodfever.com\/#website\",\"url\":\"https:\/\/woodfever.com\/\",\"name\":\"Woodfever\",\"description\":\"Hospitality interiors and Exhibitions\",\"publisher\":{\"@id\":\"https:\/\/woodfever.com\/#organization\"},\"potentialAction\":[{\"@type\":\"SearchAction\",\"target\":{\"@type\":\"EntryPoint\",\"urlTemplate\":\"https:\/\/woodfever.com\/?s={search_term_string}\"},\"query-input\":{\"@type\":\"PropertyValueSpecification\",\"valueRequired\":true,\"valueName\":\"search_term_string\"}}],\"inLanguage\":\"nl-NL\"},{\"@type\":\"Organization\",\"@id\":\"https:\/\/woodfever.com\/#organization\",\"name\":\"Woodfever\",\"url\":\"https:\/\/woodfever.com\/\",\"logo\":{\"@type\":\"ImageObject\",\"inLanguage\":\"nl-NL\",\"@id\":\"https:\/\/woodfever.com\/#\/schema\/logo\/image\/\",\"url\":\"https:\/\/woodfever.com\/wp-content\/uploads\/2016\/09\/logo_woodfever.png\",\"contentUrl\":\"https:\/\/woodfever.com\/wp-content\/uploads\/2016\/09\/logo_woodfever.png\",\"width\":321,\"height\":67,\"caption\":\"Woodfever\"},\"image\":{\"@id\":\"https:\/\/woodfever.com\/#\/schema\/logo\/image\/\"},\"sameAs\":[\"https:\/\/www.instagram.com\/woodfever.exhibition\/\",\"https:\/\/www.instagram.com\/woodfever.hospitality.interior\/\"]}]}<\/script>\n<!-- \/ Yoast SEO plugin. -->","yoast_head_json":{"title":"Interieurs - Woodfever","robots":{"index":"index","follow":"follow","max-snippet":"max-snippet:-1","max-image-preview":"max-image-preview:large","max-video-preview":"max-video-preview:-1"},"canonical":"https:\/\/woodfever.com\/interiors\/","og_locale":"nl_NL","og_type":"article","og_title":"Interieurs - Woodfever","og_description":"Alles in \u00e9\u00e9n hand voor een volledig afgewerkt horeca interieur Bij Woodfever vindt u alle specialisten onder \u00e9\u00e9n dak. Van ontwerpers, technisch tekenaars tot uitvoerders. Allen met passie\u00a0voor het vak, zeer ervaren en uiterst gedreven. En dat is wel zo effici\u00ebnt, want alles in \u00e9\u00e9n hand betekent het gemak van \u00e9\u00e9n aanspreekpunt en de besparingRead more..","og_url":"https:\/\/woodfever.com\/interiors\/","og_site_name":"Woodfever","article_modified_time":"2016-11-03T07:01:35+00:00","twitter_card":"summary_large_image","twitter_misc":{"Geschatte leestijd":"1 minuut"},"schema":{"@context":"https:\/\/schema.org","@graph":[{"@type":"WebPage","@id":"https:\/\/woodfever.com\/interiors\/","url":"https:\/\/woodfever.com\/interiors\/","name":"Interieurs - Woodfever","isPartOf":{"@id":"https:\/\/woodfever.com\/#website"},"datePublished":"2016-09-08T13:20:04+00:00","dateModified":"2016-11-03T07:01:35+00:00","breadcrumb":{"@id":"https:\/\/woodfever.com\/interiors\/#breadcrumb"},"inLanguage":"nl-NL","potentialAction":[{"@type":"ReadAction","target":["https:\/\/woodfever.com\/interiors\/"]}]},{"@type":"BreadcrumbList","@id":"https:\/\/woodfever.com\/interiors\/#breadcrumb","itemListElement":[{"@type":"ListItem","position":1,"name":"Home","item":"https:\/\/woodfever.com\/"},{"@type":"ListItem","position":2,"name":"Interieurs"}]},{"@type":"WebSite","@id":"https:\/\/woodfever.com\/#website","url":"https:\/\/woodfever.com\/","name":"Woodfever","description":"Hospitality interiors and Exhibitions","publisher":{"@id":"https:\/\/woodfever.com\/#organization"},"potentialAction":[{"@type":"SearchAction","target":{"@type":"EntryPoint","urlTemplate":"https:\/\/woodfever.com\/?s={search_term_string}"},"query-input":{"@type":"PropertyValueSpecification","valueRequired":true,"valueName":"search_term_string"}}],"inLanguage":"nl-NL"},{"@type":"Organization","@id":"https:\/\/woodfever.com\/#organization","name":"Woodfever","url":"https:\/\/woodfever.com\/","logo":{"@type":"ImageObject","inLanguage":"nl-NL","@id":"https:\/\/woodfever.com\/#\/schema\/logo\/image\/","url":"https:\/\/woodfever.com\/wp-content\/uploads\/2016\/09\/logo_woodfever.png","contentUrl":"https:\/\/woodfever.com\/wp-content\/uploads\/2016\/09\/logo_woodfever.png","width":321,"height":67,"caption":"Woodfever"},"image":{"@id":"https:\/\/woodfever.com\/#\/schema\/logo\/image\/"},"sameAs":["https:\/\/www.instagram.com\/woodfever.exhibition\/","https:\/\/www.instagram.com\/woodfever.hospitality.interior\/"]}]}},"_links":{"self":[{"href":"https:\/\/woodfever.com\/nl\/wp-json\/wp\/v2\/pages\/56","targetHints":{"allow":["GET"]}}],"collection":[{"href":"https:\/\/woodfever.com\/nl\/wp-json\/wp\/v2\/pages"}],"about":[{"href":"https:\/\/woodfever.com\/nl\/wp-json\/wp\/v2\/types\/page"}],"author":[{"embeddable":true,"href":"https:\/\/woodfever.com\/nl\/wp-json\/wp\/v2\/users\/1"}],"replies":[{"embeddable":true,"href":"https:\/\/woodfever.com\/nl\/wp-json\/wp\/v2\/comments?post=56"}],"version-history":[{"count":6,"href":"https:\/\/woodfever.com\/nl\/wp-json\/wp\/v2\/pages\/56\/revisions"}],"predecessor-version":[{"id":311,"href":"https:\/\/woodfever.com\/nl\/wp-json\/wp\/v2\/pages\/56\/revisions\/311"}],"wp:attachment":[{"href":"https:\/\/woodfever.com\/nl\/wp-json\/wp\/v2\/media?parent=56"}],"curies":[{"name":"wp","href":"https:\/\/api.w.org\/{rel}","templated":true}]}}